{"id":416,"date":"2021-05-15T09:17:27","date_gmt":"2021-05-15T06:17:27","guid":{"rendered":"http:\/\/localhost:8888\/mowega\/new-wordpress-test\/?page_id=416"},"modified":"2021-05-15T09:19:36","modified_gmt":"2021-05-15T06:19:36","slug":"privacy-policy","status":"publish","type":"page","link":"https:\/\/mowega.com\/tr\/privacy-policy\/","title":{"rendered":"G\u0130ZL\u0130L\u0130K &amp; G\u00dcVENL\u0130K"},"content":{"rendered":"<p>www.mowega.com web sitesinin (bundan sonra mowega olarak an\u0131lacakt\u0131r) t\u00fcm haklar\u0131 mowega\u2019ya aittir. mowega, toplad\u0131\u011f\u0131 bilgileri \u00fc\u00e7\u00fcnc\u00fc \u015fah\u0131slarla kesinlikle payla\u015fmamakta, faaliyet d\u0131\u015f\u0131 hi\u00e7bir nedenle ticari ama\u00e7la kullanmamakta ve satmamaktad\u0131r. Ancak e-mail g\u00f6nderimi s\u00fcrecinde hizmet al\u0131nan firmalara sadece ad,soyad, e-posta adresi gibi zorunlu bilgileri payla\u015fabilecektir.<\/p>\n\n\n\n<p>5651 Say\u0131l\u0131 Kanun uyar\u0131nca mowega, hizmet ve i\u00e7erikleri bar\u0131nd\u0131ran sistemi sa\u011flayan ve i\u015fleten ki\u015fi olarak, sistemle ilgili sorunlar\u0131 tespit etmek ve mowega\u2019da ortaya \u00e7\u0131kabilecek sorunlar\u0131 h\u0131zl\u0131 bir \u015fekilde \u00e7\u00f6zmek i\u00e7in gerekti\u011finde kullan\u0131c\u0131lar\u0131n IP adreslerini belirler ve kullan\u0131r. IP adresleri, kullan\u0131c\u0131lar\u0131 genel olarak tan\u0131mlamak ve kapsaml\u0131 demografik bilgi toplamak i\u00e7in de kullan\u0131labilir.<\/p>\n\n\n\n<p>mowega, dahilinde ba\u015fka sitelere link verebilir. Mowega, link vas\u0131tas\u0131yla eri\u015filen sitenin gizlilik uygulamalar\u0131 ve i\u00e7eriklerine y\u00f6nelik herhangi bir sorumluluk ta\u015f\u0131mamaktad\u0131r.<\/p>\n\n\n\n<p>Kullan\u0131c\u0131 bilgileri, ancak usul\u00fcne uygun olarak yetkililer taraf\u0131ndan bu bilgilerin talep edilmesi halinde ve y\u00fcr\u00fcrl\u00fckteki emredici mevzuat h\u00fck\u00fcmleri gere\u011fince resmi makamlara a\u00e7\u0131klama yapmak zorunda oldu\u011fu durumlarda resmi makamlara a\u00e7\u0131klanacakt\u0131r. Kullan\u0131c\u0131 taraf\u0131ndan girilen t\u00fcm bilgilere sadece kullan\u0131c\u0131 eri\u015febilir ve bu bilgileri sadece kullan\u0131c\u0131 de\u011fi\u015ftirebilir. Bu bilgilere ba\u015fkas\u0131n\u0131n ula\u015fmas\u0131 ve de\u011fi\u015ftirmesi m\u00fcmk\u00fcn de\u011fildir.<\/p>\n\n\n\n<h3 class=\"wp-block-heading\">3. Parti Sosyal Media Servisleri Hakk\u0131nda<\/h3>\n\n\n\n<p>mowega, a\u015fa\u011f\u0131daki \u00dc\u00e7\u00fcnc\u00fc Taraf Sosyal Medya Hizmetleri arac\u0131l\u0131\u011f\u0131yla bir hesap olu\u015fturman\u0131za ve Hizmeti kullanmak i\u00e7in oturum a\u00e7man\u0131za izin verir:<\/p>\n\n\n\n<ul class=\"wp-block-list\"><li>Google<\/li><li>Facebook<\/li><\/ul>\n\n\n\n<p>Bir \u00dc\u00e7\u00fcnc\u00fc Taraf Sosyal Medya Hizmeti arac\u0131l\u0131\u011f\u0131yla kaydolmaya veya ba\u015fka bir \u015fekilde bize eri\u015fim sa\u011flamaya karar verirseniz, ad\u0131n\u0131z, e-posta adresiniz, faaliyetleriniz gibi \u00dc\u00e7\u00fcnc\u00fc Taraf Sosyal Medya Hizmetinizin hesab\u0131yla zaten ili\u015fkilendirilmi\u015f Ki\u015fisel verileri veya o hesapla ilgili ki\u015fi listenizi toplayabiliriz.<\/p>\n\n\n\n<p>Ayr\u0131ca, \u00dc\u00e7\u00fcnc\u00fc Taraf Sosyal Medya Hizmetinizin hesab\u0131 arac\u0131l\u0131\u011f\u0131yla mowega ile ek bilgi payla\u015fma se\u00e7ene\u011finiz de olabilir. Kay\u0131t s\u0131ras\u0131nda veya ba\u015fka bir \u015fekilde bu t\u00fcr bilgileri ve Ki\u015fisel Verileri sa\u011flamay\u0131 se\u00e7erseniz, \u015eirkete bunlar\u0131 bu Gizlilik Politikas\u0131na uygun bir \u015fekilde kullanma, payla\u015fma ve saklama izni vermi\u015f olursunuz.<\/p>\n\n\n\n<p>mowega, Google Analytics ve Google Admob gibi \u00e7e\u015fitli \u00fc\u00e7\u00fcnc\u00fc taraflar\u0131n izleme sistemlerini kullan\u0131r. Google Analytics, Google Inc. \u015eirket Web Analiz Hizmeti. Google Analytics, kullan\u0131c\u0131lar\u0131n bilgisayarlar\u0131ndan toplad\u0131klar\u0131 bilgileri (IP adresi dahil) istatistiksel ama\u00e7larla Amerika Birle\u015fik Devletleri\u2019ndeki Google sunucusuna aktar\u0131r ve bilgiler burada saklan\u0131r. Toplanan bilgiler, sitemizdeki kullan\u0131c\u0131lar\u0131n tercihlerini de\u011ferlendirmek, sitemizin faaliyet raporlar\u0131n\u0131 d\u00fczenlemek ve site hizmetlerini iyile\u015ftirmek i\u00e7in kullan\u0131lmaktad\u0131r. Google, IP adresi dahil olmak \u00fczere kullan\u0131c\u0131lar\u0131n bilgilerini, i\u00e7inde depolanan di\u011fer bilgilerle birle\u015ftirmez ve yasal ve yasal bir gerek\u00e7e olmad\u0131\u011f\u0131 s\u00fcrece \u00fc\u00e7\u00fcnc\u00fc \u015fah\u0131slarla payla\u015fmaz. Sitemizdeki kullan\u0131c\u0131lar, taray\u0131c\u0131lar\u0131nda uygun ayarlar\u0131 se\u00e7erek \u00e7erez kullan\u0131m\u0131n\u0131 k\u0131s\u0131tlayabilir. Ancak bu durumda sitemizin t\u00fcm \u00f6zel linklerinden yararlanamayabilirler. Sitemizin kullan\u0131c\u0131lar\u0131, Google\u2019\u0131n ki\u015fisel bilgilerinin yukar\u0131daki \u015fartlar ve ko\u015fullara uygun olarak toplanmas\u0131na ve kullan\u0131lmas\u0131na izin verir.<\/p>\n\n\n\n<p>mowega, istedi\u011fi zaman mowega\u2019da yay\u0131nlayarak bu Gizlilik Politikas\u0131n\u0131n h\u00fck\u00fcmlerini tek tarafl\u0131 olarak de\u011fi\u015ftirebilir. mowega\u2019n\u0131n Gizlilik Politikas\u0131, mowega\u2019da yay\u0131nland\u0131\u011f\u0131 tarihte y\u00fcr\u00fcrl\u00fc\u011fe girecektir.<\/p>","protected":false},"excerpt":{"rendered":"<p>All rights of the www.mowega.com website (hereinafter referred to as mowega) belong to mowega. mowega does not share the information it collects with third parties, does not use or sell any non-operating commercial customers. However, e-mail sending will only be able to share mandatory information such as name, surname, e-mail address to service providers. Pursuant &hellip; <\/p>","protected":false},"author":1,"featured_media":0,"parent":0,"menu_order":0,"comment_status":"closed","ping_status":"closed","template":"","meta":{"footnotes":""},"class_list":["post-416","page","type-page","status-publish","hentry"],"_links":{"self":[{"href":"https:\/\/mowega.com\/tr\/wp-json\/wp\/v2\/pages\/416","targetHints":{"allow":["GET"]}}],"collection":[{"href":"https:\/\/mowega.com\/tr\/wp-json\/wp\/v2\/pages"}],"about":[{"href":"https:\/\/mowega.com\/tr\/wp-json\/wp\/v2\/types\/page"}],"author":[{"embeddable":true,"href":"https:\/\/mowega.com\/tr\/wp-json\/wp\/v2\/users\/1"}],"replies":[{"embeddable":true,"href":"https:\/\/mowega.com\/tr\/wp-json\/wp\/v2\/comments?post=416"}],"version-history":[{"count":3,"href":"https:\/\/mowega.com\/tr\/wp-json\/wp\/v2\/pages\/416\/revisions"}],"predecessor-version":[{"id":421,"href":"https:\/\/mowega.com\/tr\/wp-json\/wp\/v2\/pages\/416\/revisions\/421"}],"wp:attachment":[{"href":"https:\/\/mowega.com\/tr\/wp-json\/wp\/v2\/media?parent=416"}],"curies":[{"name":"wp","href":"https:\/\/api.w.org\/{rel}","templated":true}]}}