{"id":435,"date":"2021-05-15T09:47:45","date_gmt":"2021-05-15T06:47:45","guid":{"rendered":"http:\/\/localhost:8888\/mowega\/new-wordpress-test\/?page_id=435"},"modified":"2023-02-14T15:03:55","modified_gmt":"2023-02-14T12:03:55","slug":"our-products","status":"publish","type":"page","link":"https:\/\/mowega.com\/tr\/our-products\/","title":{"rendered":"\u00dcR\u00dcNLER\u0130M\u0130Z"},"content":{"rendered":"<div class=\"wp-block-media-text alignwide is-stacked-on-mobile\"><figure class=\"wp-block-media-text__media\"><img loading=\"lazy\" decoding=\"async\" width=\"512\" height=\"512\" src=\"https:\/\/mowega.com\/wp-content\/uploads\/2021\/05\/logo_white_512_white_bg.png\" alt=\"\" class=\"wp-image-441 size-full\" srcset=\"https:\/\/mowega.com\/wp-content\/uploads\/2021\/05\/logo_white_512_white_bg.png 512w, https:\/\/mowega.com\/wp-content\/uploads\/2021\/05\/logo_white_512_white_bg-300x300.png 300w, https:\/\/mowega.com\/wp-content\/uploads\/2021\/05\/logo_white_512_white_bg-150x150.png 150w, https:\/\/mowega.com\/wp-content\/uploads\/2021\/05\/logo_white_512_white_bg-12x12.png 12w, https:\/\/mowega.com\/wp-content\/uploads\/2021\/05\/logo_white_512_white_bg-370x370.png 370w, https:\/\/mowega.com\/wp-content\/uploads\/2021\/05\/logo_white_512_white_bg-60x60.png 60w\" sizes=\"auto, (max-width: 512px) 100vw, 512px\" \/><\/figure><div class=\"wp-block-media-text__content\">\n<p class=\"has-large-font-size\"><strong>mowGYM<\/strong><\/p>\n\n\n\n<p>Spor salonunuz ve \u00fcyeleriniz i\u00e7in online fitness uygulamas\u0131d\u0131r. \u00dcyeleriniz spor programlar\u0131n\u0131, \u00f6l\u00e7\u00fcmlerini ve diyet listelerini panelden kontrol ederek mobil uygulamadan g\u00f6rmesini sa\u011flayabilirsiniz. Duyuru ve anket gibi \u00f6zelliklerle memnuniyeti y\u00fcksek tutarak kendinizi s\u00fcrekli g\u00fcncel tutabilirsiniz. <\/p>\n\n\n\n<ul class=\"wp-block-list\">\n<li><a href=\"https:\/\/gym.mowega.com\/\" target=\"_blank\" rel=\"noreferrer noopener\">mowGYM Website<\/a><\/li>\n\n\n\n<li><a rel=\"noreferrer noopener\" href=\"https:\/\/play.google.com\/store\/apps\/details?id=com.mowega.mowgym\" target=\"_blank\" data-type=\"URL\">Android<\/a><\/li>\n\n\n\n<li><a href=\"https:\/\/apps.apple.com\/us\/app\/mowgym\/id1553458817\" target=\"_blank\" rel=\"noreferrer noopener\">iOS<\/a><\/li>\n<\/ul>\n<\/div><\/div>\n\n\n\n<div class=\"wp-block-media-text alignwide has-media-on-the-right is-stacked-on-mobile\"><div class=\"wp-block-media-text__content\">\n<p class=\"has-large-font-size\"><strong>moWallet<\/strong><\/p>\n\n\n\n<p>Harcamalar\u0131n\u0131z\u0131 hemen kaydedin, gelir-gider takibinizi kolayla\u015ft\u0131r\u0131n. Sade ve kullan\u0131\u015fl\u0131 takip deneyimi ile paran\u0131z\u0131 nereye harcad\u0131\u011f\u0131n\u0131z\u0131 bilin.<\/p>\n\n\n\n<ul class=\"wp-block-list\">\n<li><a href=\"https:\/\/play.google.com\/store\/apps\/details?id=com.mowega.mowallet\" data-type=\"URL\" target=\"_blank\" rel=\"noreferrer noopener\">Android<\/a><\/li>\n\n\n\n<li><a href=\"https:\/\/apps.apple.com\/us\/app\/mowallet\/id1547863082\" target=\"_blank\" rel=\"noreferrer noopener\">iOS<\/a><\/li>\n<\/ul>\n<\/div><figure class=\"wp-block-media-text__media\"><img loading=\"lazy\" decoding=\"async\" width=\"1024\" height=\"1024\" src=\"https:\/\/mowega.com\/wp-content\/uploads\/2021\/05\/logo_for_ios-1024x1024.jpg\" alt=\"\" class=\"wp-image-442 size-full\" srcset=\"https:\/\/mowega.com\/wp-content\/uploads\/2021\/05\/logo_for_ios-1024x1024.jpg 1024w, https:\/\/mowega.com\/wp-content\/uploads\/2021\/05\/logo_for_ios-300x300.jpg 300w, https:\/\/mowega.com\/wp-content\/uploads\/2021\/05\/logo_for_ios-150x150.jpg 150w, https:\/\/mowega.com\/wp-content\/uploads\/2021\/05\/logo_for_ios-768x768.jpg 768w, https:\/\/mowega.com\/wp-content\/uploads\/2021\/05\/logo_for_ios-12x12.jpg 12w, https:\/\/mowega.com\/wp-content\/uploads\/2021\/05\/logo_for_ios-370x370.jpg 370w, https:\/\/mowega.com\/wp-content\/uploads\/2021\/05\/logo_for_ios-60x60.jpg 60w, https:\/\/mowega.com\/wp-content\/uploads\/2021\/05\/logo_for_ios.jpg 1300w\" sizes=\"auto, (max-width: 1024px) 100vw, 1024px\" \/><\/figure><\/div>\n\n\n\n<div class=\"wp-block-media-text alignwide is-stacked-on-mobile\"><figure class=\"wp-block-media-text__media\"><img loading=\"lazy\" decoding=\"async\" width=\"512\" height=\"512\" src=\"https:\/\/mowega.com\/wp-content\/uploads\/2022\/02\/app_logo.png\" alt=\"\" class=\"wp-image-526 size-full\" srcset=\"https:\/\/mowega.com\/wp-content\/uploads\/2022\/02\/app_logo.png 512w, https:\/\/mowega.com\/wp-content\/uploads\/2022\/02\/app_logo-300x300.png 300w, https:\/\/mowega.com\/wp-content\/uploads\/2022\/02\/app_logo-150x150.png 150w, https:\/\/mowega.com\/wp-content\/uploads\/2022\/02\/app_logo-12x12.png 12w, https:\/\/mowega.com\/wp-content\/uploads\/2022\/02\/app_logo-370x370.png 370w, https:\/\/mowega.com\/wp-content\/uploads\/2022\/02\/app_logo-60x60.png 60w\" sizes=\"auto, (max-width: 512px) 100vw, 512px\" \/><\/figure><div class=\"wp-block-media-text__content\">\n<p class=\"has-large-font-size\"><strong>Market App<\/strong> <strong>Theme<\/strong><\/p>\n\n\n\n<p>React Native for online marketing app (Theme for developers)<\/p>\n\n\n\n<ul class=\"wp-block-list\">\n<li><a href=\"https:\/\/codecanyon.net\/item\/react-native-market-app-online-marketing-codes-firebase-push-notification-firebase-crashlytics\/35966965\" target=\"_blank\" rel=\"noreferrer noopener\">CodeCanyon<\/a><\/li>\n\n\n\n<li><a href=\"https:\/\/play.google.com\/store\/apps\/details?id=com.mowega.mowegamarket\" target=\"_blank\" rel=\"noreferrer noopener\">Android<\/a><\/li>\n\n\n\n<li>iOS (test kullan\u0131c\u0131 olmak i\u00e7in bizimle ileti\u015fime ge\u00e7in)<\/li>\n<\/ul>\n<\/div><\/div>\n\n\n\n<div class=\"wp-block-media-text alignwide has-media-on-the-right is-stacked-on-mobile\"><div class=\"wp-block-media-text__content\">\n<p class=\"has-large-font-size\"><strong>e-commerce Theme<\/strong><\/p>\n\n\n\n<p>React Native yaz\u0131l\u0131m geli\u015ftiricileri i\u00e7in e-ticaret al\u0131\u015fveri\u015f temas\u0131d\u0131r.<\/p>\n\n\n\n<ul class=\"wp-block-list\">\n<li><a href=\"https:\/\/codecanyon.net\/item\/mowega-react-native-for-ecommerce-shopping-template\/25362161\" target=\"_blank\" rel=\"noreferrer noopener\">CodeCanyon<\/a><\/li>\n\n\n\n<li><a rel=\"noreferrer noopener\" href=\"https:\/\/play.google.com\/store\/apps\/details?id=com.mowega.mowshoptheme\" target=\"_blank\">Android<\/a><\/li>\n\n\n\n<li>iOS (test kullan\u0131c\u0131 olmak i\u00e7in bizimle ileti\u015fime ge\u00e7in)<\/li>\n<\/ul>\n<\/div><figure class=\"wp-block-media-text__media\"><img loading=\"lazy\" decoding=\"async\" width=\"1024\" height=\"982\" src=\"https:\/\/mowega.com\/wp-content\/uploads\/2021\/05\/logo-1024x982.png\" alt=\"\" class=\"wp-image-444 size-full\"\/><\/figure><\/div>\n\n\n\n<div class=\"wp-block-media-text alignwide is-stacked-on-mobile\"><figure class=\"wp-block-media-text__media\"><img loading=\"lazy\" decoding=\"async\" width=\"1024\" height=\"982\" src=\"https:\/\/mowega.com\/wp-content\/uploads\/2021\/05\/logo-1024x982.png\" alt=\"\" class=\"wp-image-444 size-full\"\/><\/figure><div class=\"wp-block-media-text__content\">\n<p class=\"has-large-font-size\"><strong>Finance App Theme<\/strong><\/p>\n\n\n\n<p>React Native yaz\u0131l\u0131m geli\u015ftiricileri i\u00e7in finans uygulamas\u0131 temas\u0131d\u0131r. Bildirim, sosyal medya giri\u015fleri gibi \u00f6zellikleri bar\u0131nd\u0131r\u0131r. <\/p>\n\n\n\n<ul class=\"wp-block-list\">\n<li><a href=\"https:\/\/codecanyon.net\/item\/react-native-finance-app-wallet-app-theme-codes-push-notification-social-logi-admob\/30923949\" target=\"_blank\" rel=\"noreferrer noopener\">CodeCanyon<\/a><\/li>\n\n\n\n<li><a rel=\"noreferrer noopener\" href=\"https:\/\/play.google.com\/store\/apps\/details?id=com.mowega.mowallettheme\" target=\"_blank\">Android<\/a><\/li>\n\n\n\n<li>iOS (test kullan\u0131c\u0131 olmak i\u00e7in bizimle ileti\u015fime ge\u00e7in)<\/li>\n<\/ul>\n<\/div><\/div>\n\n\n\n<div class=\"wp-block-media-text alignwide has-media-on-the-right is-stacked-on-mobile\"><div class=\"wp-block-media-text__content\">\n<p class=\"has-large-font-size\"><strong>mowSocial Login App<\/strong><\/p>\n\n\n\n<p>Yaz\u0131l\u0131m geli\u015ftiriciler i\u00e7in ba\u015flang\u0131\u00e7 paketi niteli\u011finde olup i\u00e7erisinde sosyal medya giri\u015flerinin yan\u0131 s\u0131ra bildirim, reklam gibi \u00f6zellikler de bulunmaktad\u0131r.<\/p>\n\n\n\n<ul class=\"wp-block-list\">\n<li><a href=\"https:\/\/codecanyon.net\/item\/mowsocial-react-native-social-login-template-app\/30922962\" target=\"_blank\" rel=\"noreferrer noopener\">CodeCanyon<\/a><\/li>\n\n\n\n<li><a rel=\"noreferrer noopener\" href=\"https:\/\/play.google.com\/store\/apps\/details?id=com.mowega.mowsocial\" target=\"_blank\">Android<\/a><\/li>\n\n\n\n<li>iOS (test kullan\u0131c\u0131 olmak i\u00e7in bizimle ileti\u015fime ge\u00e7in)<\/li>\n<\/ul>\n<\/div><figure class=\"wp-block-media-text__media\"><img loading=\"lazy\" decoding=\"async\" width=\"1024\" height=\"982\" src=\"https:\/\/mowega.com\/wp-content\/uploads\/2021\/05\/logo-1024x982.png\" alt=\"\" class=\"wp-image-444 size-full\"\/><\/figure><\/div>\n\n\n\n<div class=\"wp-block-media-text alignwide is-stacked-on-mobile\"><figure class=\"wp-block-media-text__media\"><img loading=\"lazy\" decoding=\"async\" width=\"512\" height=\"512\" src=\"https:\/\/mowega.com\/wp-content\/uploads\/2021\/05\/512_text_logo_white.jpg\" alt=\"\" class=\"wp-image-443 size-full\" srcset=\"https:\/\/mowega.com\/wp-content\/uploads\/2021\/05\/512_text_logo_white.jpg 512w, https:\/\/mowega.com\/wp-content\/uploads\/2021\/05\/512_text_logo_white-300x300.jpg 300w, https:\/\/mowega.com\/wp-content\/uploads\/2021\/05\/512_text_logo_white-150x150.jpg 150w, https:\/\/mowega.com\/wp-content\/uploads\/2021\/05\/512_text_logo_white-12x12.jpg 12w, https:\/\/mowega.com\/wp-content\/uploads\/2021\/05\/512_text_logo_white-370x370.jpg 370w, https:\/\/mowega.com\/wp-content\/uploads\/2021\/05\/512_text_logo_white-60x60.jpg 60w\" sizes=\"auto, (max-width: 512px) 100vw, 512px\" \/><\/figure><div class=\"wp-block-media-text__content\">\n<p class=\"has-large-font-size\"><strong>Fitness Board<\/strong><\/p>\n\n\n\n<p>Kendi ba\u015f\u0131n\u0131za program olu\u015fturup, diyet takibi yapabilece\u011finiz offline fitness uygulmas\u0131d\u0131r.<\/p>\n\n\n\n<ul class=\"wp-block-list\">\n<li><a rel=\"noreferrer noopener\" href=\"https:\/\/play.google.com\/store\/apps\/details?id=com.mowega.fitnessboard\" data-type=\"URL\" target=\"_blank\">Android<\/a><\/li>\n\n\n\n<li>iOS<\/li>\n<\/ul>\n<\/div><\/div>","protected":false},"excerpt":{"rendered":"","protected":false},"author":1,"featured_media":0,"parent":0,"menu_order":0,"comment_status":"closed","ping_status":"closed","template":"","meta":{"footnotes":""},"class_list":["post-435","page","type-page","status-publish","hentry"],"_links":{"self":[{"href":"https:\/\/mowega.com\/tr\/wp-json\/wp\/v2\/pages\/435","targetHints":{"allow":["GET"]}}],"collection":[{"href":"https:\/\/mowega.com\/tr\/wp-json\/wp\/v2\/pages"}],"about":[{"href":"https:\/\/mowega.com\/tr\/wp-json\/wp\/v2\/types\/page"}],"author":[{"embeddable":true,"href":"https:\/\/mowega.com\/tr\/wp-json\/wp\/v2\/users\/1"}],"replies":[{"embeddable":true,"href":"https:\/\/mowega.com\/tr\/wp-json\/wp\/v2\/comments?post=435"}],"version-history":[{"count":12,"href":"https:\/\/mowega.com\/tr\/wp-json\/wp\/v2\/pages\/435\/revisions"}],"predecessor-version":[{"id":530,"href":"https:\/\/mowega.com\/tr\/wp-json\/wp\/v2\/pages\/435\/revisions\/530"}],"wp:attachment":[{"href":"https:\/\/mowega.com\/tr\/wp-json\/wp\/v2\/media?parent=435"}],"curies":[{"name":"wp","href":"https:\/\/api.w.org\/{rel}","templated":true}]}}